{"id":2,"date":"2022-03-30T11:08:35","date_gmt":"2022-03-30T11:08:35","guid":{"rendered":"https:\/\/abaabogados.es\/?page_id=2"},"modified":"2022-03-30T16:49:02","modified_gmt":"2022-03-30T14:49:02","slug":"sample-page","status":"publish","type":"page","link":"https:\/\/abaabogados.es\/","title":{"rendered":"ABA Abogados"},"content":{"rendered":"\t\t<div data-elementor-type=\"wp-page\" data-elementor-id=\"2\" class=\"elementor elementor-2\">\n\t\t\t\t\t\t<section class=\"elementor-section elementor-top-section elementor-element elementor-element-4bbdb0c9 elementor-section-boxed elementor-section-height-default elementor-section-height-default\" data-id=\"4bbdb0c9\" data-element_type=\"section\">\n\t\t\t\t\t\t<div class=\"elementor-container elementor-column-gap-default\">\n\t\t\t\t\t<div class=\"elementor-column elementor-col-100 elementor-top-column elementor-element elementor-element-618a61b1\" data-id=\"618a61b1\" data-element_type=\"column\">\n\t\t\t<div class=\"elementor-widget-wrap elementor-element-populated\">\n\t\t\t\t\t\t<div class=\"elementor-element elementor-element-1e36f4d elementor-widget elementor-widget-heading\" data-id=\"1e36f4d\" data-element_type=\"widget\" data-widget_type=\"heading.default\">\n\t\t\t\t<div class=\"elementor-widget-container\">\n\t\t\t\t\t<h2 class=\"elementor-heading-title elementor-size-default\">ABA Abogados<\/h2>\t\t\t\t<\/div>\n\t\t\t\t<\/div>\n\t\t\t\t<div class=\"elementor-element elementor-element-43c664f6 elementor-widget elementor-widget-text-editor\" data-id=\"43c664f6\" data-element_type=\"widget\" data-widget_type=\"text-editor.default\">\n\t\t\t\t<div class=\"elementor-widget-container\">\n\t\t\t\t\t\t\t\t\t<p><br \/>P\u00e1gina en construcci\u00f3n, en breve estamos con ustedes. <br \/><br \/>Puede contactarnos en <a href=mailto:\"abaabogados@abaabogados.es\">abaabogados@abaabogados.es<\/a> o bien llamando al tel\u00e9fono <a href=tel:\"956698010\">956698010<\/a><\/p>\t\t\t\t\t\t\t\t<\/div>\n\t\t\t\t<\/div>\n\t\t\t\t\t<\/div>\n\t\t<\/div>\n\t\t\t\t\t<\/div>\n\t\t<\/section>\n\t\t\t\t<\/div>\n\t\t","protected":false},"excerpt":{"rendered":"<p>ABA Abogados P\u00e1gina en construcci\u00f3n, en breve estamos con ustedes. Puede contactarnos en abaabogados@abaabogados.es o bien llamando al tel\u00e9fono 956698010<\/p>\n","protected":false},"author":1,"featured_media":0,"parent":0,"menu_order":0,"comment_status":"closed","ping_status":"open","template":"elementor_canvas","meta":{"footnotes":""},"class_list":["post-2","page","type-page","status-publish","hentry"],"_links":{"self":[{"href":"https:\/\/abaabogados.es\/index.php?rest_route=\/wp\/v2\/pages\/2","targetHints":{"allow":["GET"]}}],"collection":[{"href":"https:\/\/abaabogados.es\/index.php?rest_route=\/wp\/v2\/pages"}],"about":[{"href":"https:\/\/abaabogados.es\/index.php?rest_route=\/wp\/v2\/types\/page"}],"author":[{"embeddable":true,"href":"https:\/\/abaabogados.es\/index.php?rest_route=\/wp\/v2\/users\/1"}],"replies":[{"embeddable":true,"href":"https:\/\/abaabogados.es\/index.php?rest_route=%2Fwp%2Fv2%2Fcomments&post=2"}],"version-history":[{"count":10,"href":"https:\/\/abaabogados.es\/index.php?rest_route=\/wp\/v2\/pages\/2\/revisions"}],"predecessor-version":[{"id":47,"href":"https:\/\/abaabogados.es\/index.php?rest_route=\/wp\/v2\/pages\/2\/revisions\/47"}],"wp:attachment":[{"href":"https:\/\/abaabogados.es\/index.php?rest_route=%2Fwp%2Fv2%2Fmedia&parent=2"}],"curies":[{"name":"wp","href":"https:\/\/api.w.org\/{rel}","templated":true}]}}